{"id":15,"date":"2026-04-06T10:51:59","date_gmt":"2026-04-06T10:51:59","guid":{"rendered":"https:\/\/dev.mitunsverreisen.de\/?page_id=15"},"modified":"2026-04-06T10:51:59","modified_gmt":"2026-04-06T10:51:59","slug":"cote-dazur-und-hinterland","status":"publish","type":"page","link":"https:\/\/dev.mitunsverreisen.de\/?page_id=15","title":{"rendered":"C\u00f4te d&#8217;Azur und Hinterland"},"content":{"rendered":"\r\n\r\n&nbsp;\r\n\r\n \r\n<p class=\"has-medium-font-size\">Reisebericht<\/p>\r\n \r\n<div class=\"wp-block-columns is-layout-flex wp-container-core-columns-is-layout-9d6595d7 wp-block-columns-is-layout-flex\">\r\n<div class=\"wp-block-column is-layout-flow wp-block-column-is-layout-flow\">Los ging es am 09.09.25 mit dem Flugzeug von Berlin nach Nizza. In knapp 2 Stunden waren wir da. Unseren reservierten Mietwagen holten wir am Terminal 2 ab. Das Fahrzeug hatte an allen Seiten viele Kratzer, weshalb wir erstmal Fotos und Videos davon machten, damit es am Ende keinen \u00c4rger gibt.\r\n\r\n Unsere erste Unterkunft war ein kleines AirBnB in P\u00e9gomas, 40km s\u00fcdwestlich von Nizza.\r\n\r\n \r\n<p class=\"has-medium-font-size\">Tag 1<\/p>\r\n\r\n Bei herrlichem Sonnenschein fuhren wir zum\u00a0<strong>Cap d\u2019Antibes<\/strong>. Dort sind wir den ca. 5km langen K\u00fcstenwanderweg (<em>Sentier du Littoral)<\/em>\u00a0gegangen. Auf steinernen Wegen und Treppen l\u00e4uft man direkt am t\u00fcrkisblauen Mittelmeer entlang. Der R\u00fcckweg f\u00fchrt im Landesinneren vorbei an luxuri\u00f6sen Villen und G\u00e4rten.\r\n\r\n \r\n<figure class=\"wp-block-image size-large is-resized\"><img decoding=\"async\" class=\"wp-image-1254\" src=\"https:\/\/mitunsverreisen.de\/wp-content\/uploads\/2026\/04\/7RV0903-11-1024x683.jpg\" alt=\"\" \/><\/figure>\r\n &nbsp;\r\n\r\n Als n\u00e4chstes ging es f\u00fcr uns nach\u00a0<strong>Cannes<\/strong>. Wir wollten etwas au\u00dferhalb des Zentrums parken und peilten das Parkhaus Roseraie an, doch das war belegt. Also haben wir uns einen Parkplatz an der Hauptstra\u00dfe gesucht und am Parkautomat ein Ticket gezogen. Die Geb\u00fchr war verh\u00e4ltnism\u00e4\u00dfig g\u00fcnstig (3\u20ac wenn ich mich recht erinnere), aber man durfte nur 2 Stunden dort parken. Von dort liefen wir ca. 20 Minuten entlang der belebten\u00a0<em>Croisette<\/em>\u00a0Richtung Zentrum. Auf den ausgestellten Tafeln vor den Beach Clubs bestaunten wir die Preise f\u00fcr Speisen, Getr\u00e4nke und Liegest\u00fchle und gingen dann doch zu einem Restaurant in einer Seitenstra\u00dfe. Nach einem kurzen Spaziergang am Hafen und am Festivalpalast, mussten wir auch schon zur\u00fcck zum Auto.\r\n\r\n Wenn wir etwas mehr Zeit gehabt h\u00e4tten, w\u00e4ren wir gerne noch in die Altstadt gegangen.\r\n\r\n Und wenn wir noch einmal nach Cannes kommen, wollen wir mit der F\u00e4hre zur\u00a0<em>\u00cele Sainte-Marguerite<\/em>\u00a0und zur\u00a0<em>\u00cele Saint-Honorat<\/em>\u00a0fahren.\r\n\r\n \r\n<figure class=\"wp-block-image size-large is-resized\"><img decoding=\"async\" class=\"wp-image-1268\" src=\"https:\/\/mitunsverreisen.de\/wp-content\/uploads\/2026\/04\/7RV0970-22-1024x683.jpg\" alt=\"\" \/><\/figure>\r\n &nbsp;\r\n\r\n \r\n<p class=\"has-medium-font-size\">Tag 2<\/p>\r\n\r\n Heute machten wir uns auf den Weg zum\u00a0<strong>Massif de l&#8217;Est\u00e9rel<\/strong>, das vor allem durch seine r\u00f6tlichen Felsen bekannt ist. Schon die Fahrt zum Ausgangspunkt unserer geplanten Wanderung bot tolle Ausblicke auf die K\u00fcste.\r\n\r\n Wir parkten am Bahnhof von Le Trayas. Von dort ging es bergauf zum\u00a0<em>Pic de l\u2019Ours<\/em>\u00a0(492m) und\u00a0<em>Dent de l\u2019Ours<\/em>\u00a0(417m). Immer wieder gro\u00dfartige Aussichten auf Berge und Meer. Das Beste war: wir waren (fast) ganz allein unterwegs! Insgesamt war die Runde ca. 9km lang mit 400 H\u00f6henmetern. Ab und zu musste man \u00fcber Abschnitte mit losen Steinen gehen.\r\n\r\n Auf dem R\u00fcckweg hielten wir in dem \u00d6rtchen\u00a0<strong>Th\u00e9oule-sur-Mer<\/strong>. Dort gibt es eine wundersch\u00f6ne Strandpromenade. Am\u00a0<em>Plage de l&#8217;Aiguille<\/em>\u00a0trauten wir uns zum ersten Mal ins glasklare Wasser, aber nur mit Badeschuhen, da der steinige Untergrund sonst zu schmerzhaft gewesen w\u00e4re.\r\n\r\n \r\n<p class=\"has-medium-font-size\">Tag 3<\/p>\r\n\r\n Unweit von P\u00e9gomas liegt die Parf\u00fcmstadt\u00a0<strong>Grasse<\/strong>. Diese k\u00f6nnen wir wirklich jedem sehr empfehlen, aber man sollte fr\u00fch kommen, da ab ca. 11Uhr die Busgruppen eintreffen. Die Altstadt besteht aus engen Gassen, die von alten Geb\u00e4uden ges\u00e4umt und von rosafarbenen Schirmen bedeckt sind (Fotoparadies). Ein sch\u00f6ner Aussichtpunkt befindet sich am\u00a0<em>Place du 24 Ao<strong>\u00fb<\/strong>t<\/em>.\r\n\r\n Weiter ging es nach\u00a0<strong>Saint-C\u00e9zaire-sur-Siagne<\/strong>, wo wir die Wanderung zur\u00a0<em>Gorge de la Siagne<\/em>\u00a0machen wollten. Zun\u00e4chst muss erw\u00e4hnt werden, dass man vom Dorf einen genialen Blick \u00fcber das Siagne-Tal hat. Um zum Fluss zu gelangen, muss man einen steilen Weg nach unten laufen. Dort angekommen kann man sich in unterhalb einer h\u00fcbschen Steinbr\u00fccke in einem nat\u00fcrlichen Wasserbecken etwas abk\u00fchlen.\r\n\r\n Nach der Wanderung fuhren wir weiter zur n\u00e4chsten Unterkunft am Rande von\u00a0<strong>Castellane<\/strong>. Wir wohnten f\u00fcr 3 Tage im Ortsteil\u00a0<em>La Baume<\/em>, auf 1100m H\u00f6he, mit Blick auf den\u00a0<em>Lac de Castillon<\/em>.\r\n\r\n \r\n<p class=\"has-medium-font-size\">Tag 4<\/p>\r\n\r\n Dieser Tag war der einzige, an dem es tr\u00fcb und etwas regnerisch war. Wir machten trotzdem einen Spaziergang direkt vor unserer Haust\u00fcr zu einem noch weiter h\u00f6her gelegenen Aussichtspunkt auf den\u00a0<em>Lac de Castillon<\/em>.\r\n\r\n Mit Regenjacke und Schirm ausger\u00fcstet fuhren wir anschlie\u00dfend runter nach\u00a0<strong>Castellane<\/strong>, wo wir am\u00a0<em>Place Marcel Sauvaire<\/em>\u00a0zu Mittag a\u00dfen. Um das Essen gut zu verdauen, folgten wir dem ausgeschilderten Rundweg zur Kapelle auf dem hoch gelegenen Felsen. Es ist eine kurze Wanderung von ca. 3km mit einem\u00a0H\u00f6henunterschied von 190m. Von oben\u00a0hat man einen\u00a0<strong>360\u00b0-Panoramablick<\/strong>\u00a0\u00fcber Castellane und das Vorland der\u00a0Verdon-Schlucht.\r\n\r\n Bevor wir wieder in unser AirBnB gingen, mussten wir unbedingt noch kurz schauen, was das f\u00fcr gro\u00dfe bunte Statuen etwas oberhalb der Wohnung waren. Und zwar befindet sich dort, mitten &#8222;in the middle of nowhere&#8220;, die\u00a0<em>Cit\u00e9 Sainte de Mandarom Shambhasalem<\/em>, eine Art Klosteranlage der Bewegung \u201eAumismus\u201c. Leider kamen wir au\u00dferhalb der \u00d6ffnungszeiten und konnten die verschiedenen Tempel nur durch den Zaun betrachten.\r\n\r\n<\/div>\r\n \r\n<div class=\"wp-block-column is-layout-flow wp-block-column-is-layout-flow\"><\/div>\r\n<\/div>\r\n","protected":false},"excerpt":{"rendered":"<p>&nbsp; Reisebericht Los ging es am 09.09.25 mit dem Flugzeug  [&#8230;]<\/p>\n","protected":false},"author":1,"featured_media":0,"parent":0,"menu_order":0,"comment_status":"closed","ping_status":"closed","template":"100-width.php","meta":{"footnotes":""},"class_list":["post-15","page","type-page","status-publish","hentry"],"_links":{"self":[{"href":"https:\/\/dev.mitunsverreisen.de\/index.php?rest_route=\/wp\/v2\/pages\/15","targetHints":{"allow":["GET"]}}],"collection":[{"href":"https:\/\/dev.mitunsverreisen.de\/index.php?rest_route=\/wp\/v2\/pages"}],"about":[{"href":"https:\/\/dev.mitunsverreisen.de\/index.php?rest_route=\/wp\/v2\/types\/page"}],"author":[{"embeddable":true,"href":"https:\/\/dev.mitunsverreisen.de\/index.php?rest_route=\/wp\/v2\/users\/1"}],"replies":[{"embeddable":true,"href":"https:\/\/dev.mitunsverreisen.de\/index.php?rest_route=%2Fwp%2Fv2%2Fcomments&post=15"}],"version-history":[{"count":1,"href":"https:\/\/dev.mitunsverreisen.de\/index.php?rest_route=\/wp\/v2\/pages\/15\/revisions"}],"predecessor-version":[{"id":16,"href":"https:\/\/dev.mitunsverreisen.de\/index.php?rest_route=\/wp\/v2\/pages\/15\/revisions\/16"}],"wp:attachment":[{"href":"https:\/\/dev.mitunsverreisen.de\/index.php?rest_route=%2Fwp%2Fv2%2Fmedia&parent=15"}],"curies":[{"name":"wp","href":"https:\/\/api.w.org\/{rel}","templated":true}]}}